{"id":1193,"date":"2025-03-14T15:19:42","date_gmt":"2025-03-14T19:19:42","guid":{"rendered":"https:\/\/www.captainj-boattours.com\/?post_type=product&#038;p=1193"},"modified":"2025-12-12T04:48:28","modified_gmt":"2025-12-12T09:48:28","slug":"boca-chita-et-eliott-key","status":"publish","type":"product","link":"https:\/\/www.captainj-boattours.com\/fr\/product-fr\/boca-chita-et-eliott-key\/","title":{"rendered":"Boca Chita et Eliott Key"},"content":{"rendered":"<p data-pm-slice=\"1 1 []\">Embarquez pour un <strong>voyage magique de 7 heures<\/strong> vers deux des destinations les plus \u00e9poustouflantes du <strong>parc national de Biscayne<\/strong>. Cette excursion exclusive en bateau vous emm\u00e8ne \u00e0 <strong>Boca Chita<\/strong> et <strong>Elliott Key<\/strong>, o\u00f9 la nature intacte, les eaux cristallines et les paysages c\u00f4tiers \u00e9poustouflants cr\u00e9ent une exp\u00e9rience sans pareille. Si vous \u00eates \u00e0 la recherche de ce qui se fait de <strong>mieux<\/strong>, cette visite vous laissera sans voix.<\/p>\n<p>Votre premi\u00e8re \u00e9tape est <strong>Boca Chita<\/strong>, c\u00e9l\u00e8bre pour son <strong>phare historique, ses vues panoramiques et ses plages sereines.<\/strong> Admirez la beaut\u00e9 de ce paradis isol\u00e9, o\u00f9 les seuls bruits que vous entendrez seront ceux des vagues et du bruissement des palmiers. Ensuite, cap sur <strong>Elliott Key<\/strong>, la plus grande \u00eele du parc national de Biscayne, o\u00f9 vous pourrez <strong>faire de la plong\u00e9e en apn\u00e9e dans les r\u00e9cifs coralliens, nager dans les eaux pures ou simplement vous d\u00e9tendre sur les rivages baign\u00e9s de soleil<\/strong>.<\/p>\n<p>Chaque moment de ce voyage est con\u00e7u pour \u00eatre <strong>inoubliable<\/strong>. Que vous soyez en qu\u00eate d&rsquo;aventure, de d\u00e9tente ou d&rsquo;un m\u00e9lange des deux, cette exp\u00e9rience est con\u00e7ue pour vous offrir <strong>la journ\u00e9e la plus exclusive et la plus belle sur l&rsquo;eau.<\/strong> La combinaison de ces deux destinations embl\u00e9matiques permet de r\u00e9aliser un <strong>voyage unique en son genre<\/strong>, empreint de beaut\u00e9, de s\u00e9r\u00e9nit\u00e9 et d&rsquo;aventure.<\/p>\n","protected":false},"excerpt":{"rendered":"<h2>Informations cl\u00e9s :<\/h2>\n<p><b>ADRESSE DE D\u00c9PART<\/b>: 2400 Collins, Miami Beach, FL 33141<br \/>\n&#8211; <b>Inclus :<\/b> Eau, glace et serviettes<br \/>\n&#8211; <b>Equipage :<\/b> Membres d&rsquo;\u00e9quipage exp\u00e9riment\u00e9s et d\u00e9vou\u00e9s \u00e0 votre service<br \/>\n&#8211; <b>Pourboires :<\/b> Le pourboire du capitaine et de l&rsquo;\u00e9quipage n&rsquo;est pas inclus<br \/>\n&#8211; <b>Politique d&rsquo;annulation :<\/b> Remboursement \u00e0 100% du montant de l&rsquo;offre jusqu&rsquo;\u00e0 7 jours avant<br \/>\n&#8211; <b>Capacit\u00e9 :<\/b> Jusqu&rsquo;\u00e0 13 personnes, selon le bateau choisi<br \/>\n&#8211; <strong>Politique m\u00e9t\u00e9orologique :<\/strong> Le capitaine peut modifier ou annuler les r\u00e9servations si les conditions m\u00e9t\u00e9orologiques emp\u00eachent une navigation en toute s\u00e9curit\u00e9.<\/p>\n","protected":false},"featured_media":1483,"template":"","meta":[],"product_brand":[],"product_cat":[59,38],"product_tag":[],"giftcard-category":[],"class_list":{"0":"post-1193","1":"product","2":"type-product","3":"status-publish","4":"has-post-thumbnail","6":"product_cat-all-experiences","7":"product_cat-destination","9":"first","10":"instock","11":"virtual","12":"sold-individually","13":"taxable","14":"purchasable","15":"product-type-booking"},"yoast_head":"<!-- This site is optimized with the Yoast SEO plugin v24.9 - https:\/\/yoast.com\/wordpress\/plugins\/seo\/ -->\n<title>Boca Chita et Eliott Key - Miami Boat Tours by Captain J<\/title>\n<meta name=\"robots\" content=\"index, follow, max-snippet:-1, max-image-preview:large, max-video-preview:-1\" \/>\n<link rel=\"canonical\" href=\"https:\/\/www.captainj-boattours.com\/fr\/product-fr\/boca-chita-et-eliott-key\/\" \/>\n<meta property=\"og:locale\" content=\"fr_FR\" \/>\n<meta property=\"og:type\" content=\"article\" \/>\n<meta property=\"og:title\" content=\"Boca Chita et Eliott Key - Miami Boat Tours by Captain J\" \/>\n<meta property=\"og:description\" content=\"Informations cl\u00e9s : ADRESSE DE D\u00c9PART: 2400 Collins, Miami Beach, FL 33141 - Inclus : Eau, glace et serviettes - Equipage : Membres d&#039;\u00e9quipage exp\u00e9riment\u00e9s et d\u00e9vou\u00e9s \u00e0 votre service - Pourboires : Le pourboire du capitaine et de l&#039;\u00e9quipage n&#039;est pas inclus - Politique d&#039;annulation : Remboursement \u00e0 100% du montant de l&#039;offre jusqu&#039;\u00e0 7 jours avant - Capacit\u00e9 : Jusqu&#039;\u00e0 13 personnes, selon le bateau choisi - Politique m\u00e9t\u00e9orologique : Le capitaine peut modifier ou annuler les r\u00e9servations si les conditions m\u00e9t\u00e9orologiques emp\u00eachent une navigation en toute s\u00e9curit\u00e9.\" \/>\n<meta property=\"og:url\" content=\"https:\/\/www.captainj-boattours.com\/fr\/product-fr\/boca-chita-et-eliott-key\/\" \/>\n<meta property=\"og:site_name\" content=\"Miami Boat Tours by Captain J\" \/>\n<meta property=\"article:publisher\" content=\"https:\/\/www.facebook.com\/jeremydecherchi\/?locale=es_LA\" \/>\n<meta property=\"article:modified_time\" content=\"2025-12-12T09:48:28+00:00\" \/>\n<meta name=\"twitter:card\" content=\"summary_large_image\" \/>\n<meta name=\"twitter:label1\" content=\"Dur\u00e9e de lecture estim\u00e9e\" \/>\n\t<meta name=\"twitter:data1\" content=\"2 minutes\" \/>\n<script type=\"application\/ld+json\" class=\"yoast-schema-graph\">{\"@context\":\"https:\/\/schema.org\",\"@graph\":[{\"@type\":\"WebPage\",\"@id\":\"https:\/\/www.captainj-boattours.com\/fr\/product-fr\/boca-chita-et-eliott-key\/\",\"url\":\"https:\/\/www.captainj-boattours.com\/fr\/product-fr\/boca-chita-et-eliott-key\/\",\"name\":\"Boca Chita et Eliott Key - Miami Boat Tours by Captain J\",\"isPartOf\":{\"@id\":\"https:\/\/www.captainj-boattours.com\/fr\/#website\"},\"primaryImageOfPage\":{\"@id\":\"https:\/\/www.captainj-boattours.com\/fr\/product-fr\/boca-chita-et-eliott-key\/#primaryimage\"},\"image\":{\"@id\":\"https:\/\/www.captainj-boattours.com\/fr\/product-fr\/boca-chita-et-eliott-key\/#primaryimage\"},\"thumbnailUrl\":\"https:\/\/www.captainj-boattours.com\/wp-content\/uploads\/2025\/03\/IMG_8253-scaled-jpg.webp\",\"datePublished\":\"2025-03-14T19:19:42+00:00\",\"dateModified\":\"2025-12-12T09:48:28+00:00\",\"breadcrumb\":{\"@id\":\"https:\/\/www.captainj-boattours.com\/fr\/product-fr\/boca-chita-et-eliott-key\/#breadcrumb\"},\"inLanguage\":\"fr-FR\",\"potentialAction\":[{\"@type\":\"ReadAction\",\"target\":[\"https:\/\/www.captainj-boattours.com\/fr\/product-fr\/boca-chita-et-eliott-key\/\"]}]},{\"@type\":\"ImageObject\",\"inLanguage\":\"fr-FR\",\"@id\":\"https:\/\/www.captainj-boattours.com\/fr\/product-fr\/boca-chita-et-eliott-key\/#primaryimage\",\"url\":\"https:\/\/www.captainj-boattours.com\/wp-content\/uploads\/2025\/03\/IMG_8253-scaled-jpg.webp\",\"contentUrl\":\"https:\/\/www.captainj-boattours.com\/wp-content\/uploads\/2025\/03\/IMG_8253-scaled-jpg.webp\",\"width\":1920,\"height\":2560},{\"@type\":\"BreadcrumbList\",\"@id\":\"https:\/\/www.captainj-boattours.com\/fr\/product-fr\/boca-chita-et-eliott-key\/#breadcrumb\",\"itemListElement\":[{\"@type\":\"ListItem\",\"position\":1,\"name\":\"Home\",\"item\":\"https:\/\/www.captainj-boattours.com\/fr\/\"},{\"@type\":\"ListItem\",\"position\":2,\"name\":\"Choisir le bon capitaine fait la diff\u00e9rence\",\"item\":\"https:\/\/www.captainj-boattours.com\/fr\/\"},{\"@type\":\"ListItem\",\"position\":3,\"name\":\"Boca Chita et Eliott Key\"}]},{\"@type\":\"WebSite\",\"@id\":\"https:\/\/www.captainj-boattours.com\/fr\/#website\",\"url\":\"https:\/\/www.captainj-boattours.com\/fr\/\",\"name\":\"Miami Boat Tours by Captain J\",\"description\":\"Powered by Passion\",\"publisher\":{\"@id\":\"https:\/\/www.captainj-boattours.com\/fr\/#organization\"},\"potentialAction\":[{\"@type\":\"SearchAction\",\"target\":{\"@type\":\"EntryPoint\",\"urlTemplate\":\"https:\/\/www.captainj-boattours.com\/fr\/?s={search_term_string}\"},\"query-input\":{\"@type\":\"PropertyValueSpecification\",\"valueRequired\":true,\"valueName\":\"search_term_string\"}}],\"inLanguage\":\"fr-FR\"},{\"@type\":\"Organization\",\"@id\":\"https:\/\/www.captainj-boattours.com\/fr\/#organization\",\"name\":\"Miami Boat Tours by Captain J\",\"url\":\"https:\/\/www.captainj-boattours.com\/fr\/\",\"logo\":{\"@type\":\"ImageObject\",\"inLanguage\":\"fr-FR\",\"@id\":\"https:\/\/www.captainj-boattours.com\/fr\/#\/schema\/logo\/image\/\",\"url\":\"https:\/\/www.captainj-boattours.com\/wp-content\/uploads\/2025\/01\/logo-horizontal-png.webp\",\"contentUrl\":\"https:\/\/www.captainj-boattours.com\/wp-content\/uploads\/2025\/01\/logo-horizontal-png.webp\",\"width\":1525,\"height\":590,\"caption\":\"Miami Boat Tours by Captain J\"},\"image\":{\"@id\":\"https:\/\/www.captainj-boattours.com\/fr\/#\/schema\/logo\/image\/\"},\"sameAs\":[\"https:\/\/www.facebook.com\/jeremydecherchi\/?locale=es_LA\"]}]}<\/script>\n<!-- \/ Yoast SEO plugin. -->","yoast_head_json":{"title":"Boca Chita et Eliott Key - Miami Boat Tours by Captain J","robots":{"index":"index","follow":"follow","max-snippet":"max-snippet:-1","max-image-preview":"max-image-preview:large","max-video-preview":"max-video-preview:-1"},"canonical":"https:\/\/www.captainj-boattours.com\/fr\/product-fr\/boca-chita-et-eliott-key\/","og_locale":"fr_FR","og_type":"article","og_title":"Boca Chita et Eliott Key - Miami Boat Tours by Captain J","og_description":"Informations cl\u00e9s : ADRESSE DE D\u00c9PART: 2400 Collins, Miami Beach, FL 33141 - Inclus : Eau, glace et serviettes - Equipage : Membres d'\u00e9quipage exp\u00e9riment\u00e9s et d\u00e9vou\u00e9s \u00e0 votre service - Pourboires : Le pourboire du capitaine et de l'\u00e9quipage n'est pas inclus - Politique d'annulation : Remboursement \u00e0 100% du montant de l'offre jusqu'\u00e0 7 jours avant - Capacit\u00e9 : Jusqu'\u00e0 13 personnes, selon le bateau choisi - Politique m\u00e9t\u00e9orologique : Le capitaine peut modifier ou annuler les r\u00e9servations si les conditions m\u00e9t\u00e9orologiques emp\u00eachent une navigation en toute s\u00e9curit\u00e9.","og_url":"https:\/\/www.captainj-boattours.com\/fr\/product-fr\/boca-chita-et-eliott-key\/","og_site_name":"Miami Boat Tours by Captain J","article_publisher":"https:\/\/www.facebook.com\/jeremydecherchi\/?locale=es_LA","article_modified_time":"2025-12-12T09:48:28+00:00","twitter_card":"summary_large_image","twitter_misc":{"Dur\u00e9e de lecture estim\u00e9e":"2 minutes"},"schema":{"@context":"https:\/\/schema.org","@graph":[{"@type":"WebPage","@id":"https:\/\/www.captainj-boattours.com\/fr\/product-fr\/boca-chita-et-eliott-key\/","url":"https:\/\/www.captainj-boattours.com\/fr\/product-fr\/boca-chita-et-eliott-key\/","name":"Boca Chita et Eliott Key - Miami Boat Tours by Captain J","isPartOf":{"@id":"https:\/\/www.captainj-boattours.com\/fr\/#website"},"primaryImageOfPage":{"@id":"https:\/\/www.captainj-boattours.com\/fr\/product-fr\/boca-chita-et-eliott-key\/#primaryimage"},"image":{"@id":"https:\/\/www.captainj-boattours.com\/fr\/product-fr\/boca-chita-et-eliott-key\/#primaryimage"},"thumbnailUrl":"https:\/\/www.captainj-boattours.com\/wp-content\/uploads\/2025\/03\/IMG_8253-scaled-jpg.webp","datePublished":"2025-03-14T19:19:42+00:00","dateModified":"2025-12-12T09:48:28+00:00","breadcrumb":{"@id":"https:\/\/www.captainj-boattours.com\/fr\/product-fr\/boca-chita-et-eliott-key\/#breadcrumb"},"inLanguage":"fr-FR","potentialAction":[{"@type":"ReadAction","target":["https:\/\/www.captainj-boattours.com\/fr\/product-fr\/boca-chita-et-eliott-key\/"]}]},{"@type":"ImageObject","inLanguage":"fr-FR","@id":"https:\/\/www.captainj-boattours.com\/fr\/product-fr\/boca-chita-et-eliott-key\/#primaryimage","url":"https:\/\/www.captainj-boattours.com\/wp-content\/uploads\/2025\/03\/IMG_8253-scaled-jpg.webp","contentUrl":"https:\/\/www.captainj-boattours.com\/wp-content\/uploads\/2025\/03\/IMG_8253-scaled-jpg.webp","width":1920,"height":2560},{"@type":"BreadcrumbList","@id":"https:\/\/www.captainj-boattours.com\/fr\/product-fr\/boca-chita-et-eliott-key\/#breadcrumb","itemListElement":[{"@type":"ListItem","position":1,"name":"Home","item":"https:\/\/www.captainj-boattours.com\/fr\/"},{"@type":"ListItem","position":2,"name":"Choisir le bon capitaine fait la diff\u00e9rence","item":"https:\/\/www.captainj-boattours.com\/fr\/"},{"@type":"ListItem","position":3,"name":"Boca Chita et Eliott Key"}]},{"@type":"WebSite","@id":"https:\/\/www.captainj-boattours.com\/fr\/#website","url":"https:\/\/www.captainj-boattours.com\/fr\/","name":"Miami Boat Tours by Captain J","description":"Powered by Passion","publisher":{"@id":"https:\/\/www.captainj-boattours.com\/fr\/#organization"},"potentialAction":[{"@type":"SearchAction","target":{"@type":"EntryPoint","urlTemplate":"https:\/\/www.captainj-boattours.com\/fr\/?s={search_term_string}"},"query-input":{"@type":"PropertyValueSpecification","valueRequired":true,"valueName":"search_term_string"}}],"inLanguage":"fr-FR"},{"@type":"Organization","@id":"https:\/\/www.captainj-boattours.com\/fr\/#organization","name":"Miami Boat Tours by Captain J","url":"https:\/\/www.captainj-boattours.com\/fr\/","logo":{"@type":"ImageObject","inLanguage":"fr-FR","@id":"https:\/\/www.captainj-boattours.com\/fr\/#\/schema\/logo\/image\/","url":"https:\/\/www.captainj-boattours.com\/wp-content\/uploads\/2025\/01\/logo-horizontal-png.webp","contentUrl":"https:\/\/www.captainj-boattours.com\/wp-content\/uploads\/2025\/01\/logo-horizontal-png.webp","width":1525,"height":590,"caption":"Miami Boat Tours by Captain J"},"image":{"@id":"https:\/\/www.captainj-boattours.com\/fr\/#\/schema\/logo\/image\/"},"sameAs":["https:\/\/www.facebook.com\/jeremydecherchi\/?locale=es_LA"]}]}},"_links":{"self":[{"href":"https:\/\/www.captainj-boattours.com\/fr\/wp-json\/wp\/v2\/product\/1193","targetHints":{"allow":["GET"]}}],"collection":[{"href":"https:\/\/www.captainj-boattours.com\/fr\/wp-json\/wp\/v2\/product"}],"about":[{"href":"https:\/\/www.captainj-boattours.com\/fr\/wp-json\/wp\/v2\/types\/product"}],"wp:featuredmedia":[{"embeddable":true,"href":"https:\/\/www.captainj-boattours.com\/fr\/wp-json\/wp\/v2\/media\/1483"}],"wp:attachment":[{"href":"https:\/\/www.captainj-boattours.com\/fr\/wp-json\/wp\/v2\/media?parent=1193"}],"wp:term":[{"taxonomy":"product_brand","embeddable":true,"href":"https:\/\/www.captainj-boattours.com\/fr\/wp-json\/wp\/v2\/product_brand?post=1193"},{"taxonomy":"product_cat","embeddable":true,"href":"https:\/\/www.captainj-boattours.com\/fr\/wp-json\/wp\/v2\/product_cat?post=1193"},{"taxonomy":"product_tag","embeddable":true,"href":"https:\/\/www.captainj-boattours.com\/fr\/wp-json\/wp\/v2\/product_tag?post=1193"},{"taxonomy":"giftcard-category","embeddable":true,"href":"https:\/\/www.captainj-boattours.com\/fr\/wp-json\/wp\/v2\/giftcard-category?post=1193"}],"curies":[{"name":"wp","href":"https:\/\/api.w.org\/{rel}","templated":true}]}}